{"id":111,"date":"2024-01-12T21:19:39","date_gmt":"2024-01-12T21:19:39","guid":{"rendered":"https:\/\/joseluisherrerorubio.com\/?page_id=111"},"modified":"2025-09-15T10:39:49","modified_gmt":"2025-09-15T10:39:49","slug":"sample-page-2","status":"publish","type":"page","link":"https:\/\/joseluisherrerorubio.com\/index.php\/sample-page-2\/","title":{"rendered":"Novelas publicadas"},"content":{"rendered":"<h2><strong><span style=\"color: #000000;\">La forja de una traici\u00f3n<\/span><\/strong><\/h2>\n<p style=\"text-align: justify;\"><strong><span style=\"color: #000000;\">Es el \u00faltimo trabajo del autor. Se publica en junio de 2025.<\/span><\/strong><\/p>\n<p><strong><img loading=\"lazy\" decoding=\"async\" class=\"wp-image-328 alignleft\" src=\"https:\/\/joseluisherrerorubio.com\/wp-content\/uploads\/2025\/05\/Libro_small-1.png\" alt=\"\" width=\"141\" height=\"191\" srcset=\"https:\/\/joseluisherrerorubio.com\/wp-content\/uploads\/2025\/05\/Libro_small-1.png 360w, https:\/\/joseluisherrerorubio.com\/wp-content\/uploads\/2025\/05\/Libro_small-1-221x300.png 221w\" sizes=\"auto, (max-width: 141px) 100vw, 141px\" \/><\/strong>\u00daltimo cuarto del siglo XIII. En Castilla, Sancho IV ha cedido pr\u00e1cticamente todos sus poderes a don Lope D\u00edaz de Haro, se\u00f1or de Vizcaya. A partir de ese momento, \u00e9ste urdir\u00e1, mediante enga\u00f1os y ardides, una conspiraci\u00f3n que, poco a poco, ir\u00e1 cerrando su cerco sobre la corona con el objetivo de apoderarse de ella.<\/p>\n<p>El monarca reacciona tarde, cuando la amenaza ya ha consumado el primer ataque sobre la propia familia real, pero la presi\u00f3n sigue en aumento.<\/p>\n<p>El obispo de Astorga, el senescal del Temple y F\u00e9lix Mu\u00f1oz de Quiroga, un caballero burgal\u00e9s, constituyen la \u00faltima l\u00ednea de defensa del soberano.<\/p>\n<p>Los conjurados y los partidarios del rey quedan emplazados para reunirse en Alfaro el ocho de junio de mil doscientos ochenta y ocho. Ese d\u00eda, a la hora del \u00e1ngelus, se decide el futuro de Castilla, y su destino podr\u00eda depender de un humilde invidente\u2026<\/p>\n<h5><a href=\"https:\/\/youtu.be\/UsEmt3hRSpo\">Para ver el booktrailer de la novela, pulsar este enlace.<\/a><\/h5>\n<p>&nbsp;<\/p>\n<h2><strong><span style=\"color: #000000;\">Si las Parcas lo permiten<\/span><\/strong><\/h2>\n<p style=\"text-align: justify;\"><strong><span style=\"color: #000000;\">Novela publicada en 2021, que retoma y contin\u00faa la historia narrada en \u00abM\u00e9lete. El acoso del \u00e1guila\u00bb.<\/span><\/strong><\/p>\n<p><span style=\"color: #000000;\"><img loading=\"lazy\" decoding=\"async\" class=\"wp-image-147 alignleft\" src=\"https:\/\/joseluisherrerorubio.com\/wp-content\/uploads\/2024\/01\/Libro_Parcas.png\" alt=\"\" width=\"146\" height=\"266\" \/><\/span><\/p>\n<p style=\"text-align: justify;\"><span style=\"color: #000000;\">Estamos en la segunda mitad del siglo IV d.C., en un Imperio Romano decadente, con la corrupci\u00f3n instalada en pr\u00e1cticamente todos los \u00f3rganos de la administraci\u00f3n y las altas instancias pol\u00edticas.<\/span><\/p>\n<p style=\"text-align: justify;\"><span style=\"color: #000000;\">El relato se centra inicialmente en Daphne y Lucius, esposa e hijo de Spurius, un militar que fue ejecutado, como se narra en la novela anterior, por ayudar a huir de Atenas a M\u00e9lete y N\u00e9stor, su padre, perseguidos por una justicia al servicio de los corruptos.<\/span><\/p>\n<p style=\"text-align: justify;\"><span style=\"color: #000000;\">Veinte a\u00f1os despu\u00e9s \u00e9stos \u00faltimos, de com\u00fan acuerdo, consideran que deben encontrar a aquellos para ayudarles, en caso de que sea necesario, y transmitirles su agradecimiento.<\/span><\/p>\n<p style=\"text-align: justify;\"><span style=\"color: #000000;\">M\u00e9lete parte en su busca y logra finalmente reunirse con Lucius en Constantin\u00f3polis.<\/span><\/p>\n<p style=\"text-align: justify;\"><span style=\"color: #000000;\">Una conspiraci\u00f3n para asesinar al emperador se forja en su entorno.\u00a0Como consecuencia de ello y de otras circunstancias que les ata\u00f1en directamente, deciden partir hacia la isla de Aethusa, donde esperan rehacer su vida, pero el destino que las Parcas tienen escrito para ellos es otro&#8230;<\/span><\/p>\n<p>&nbsp;<\/p>\n<h2><strong><span style=\"color: #000000;\">M\u00e9lete.\u00a0El acoso del \u00e1guila<\/span><\/strong><\/h2>\n<p><span style=\"color: #999999;\"><img loading=\"lazy\" decoding=\"async\" class=\"wp-image-145 alignleft\" src=\"https:\/\/joseluisherrerorubio.com\/wp-content\/uploads\/2024\/01\/Libro_Melete.png\" alt=\"\" width=\"159\" height=\"204\" \/><\/span><\/p>\n<p style=\"text-align: justify;\"><strong><span style=\"color: #000000;\">Novela autopublicada en 2018 y publicada por editorial en 2019.<\/span><\/strong><\/p>\n<p style=\"text-align: justify;\"><span style=\"color: #000000;\">Nos hallamos en la segunda mitad del siglo IV d.C., en un Imperio Romano en franca decadencia, con la corrupci\u00f3n instalada en todos los \u00f3rganos de la administraci\u00f3n y la pol\u00edtica imperial.<\/span><\/p>\n<p style=\"text-align: justify;\"><span style=\"color: #000000;\">La historia narra la vida de M\u00e9lete, su protagonista, desde los siete hasta los veintis\u00e9is a\u00f1os. Nacida en Atenas, su madre falleci\u00f3 durante el parto y su padre es un prestigioso comerciante de la ciudad.<\/span><\/p>\n<p><span style=\"color: #000000;\"><img loading=\"lazy\" decoding=\"async\" class=\"wp-image-145 alignright\" src=\"https:\/\/joseluisherrerorubio.com\/wp-content\/uploads\/2024\/01\/Libro_MeleteC.png\" alt=\"\" width=\"159\" height=\"204\" \/><\/span><\/p>\n<p style=\"text-align: justify;\"><span style=\"color: #000000;\">Perseguidos por el corrupto poder, huyen hacia Tarraco, en Hispania, donde esperan encontrarse con el t\u00edo de M\u00e9lete. El viaje ser\u00e1 mucho m\u00e1s complicado que lo que esperaban, padeciendo diversas vicisitudes, siempre acosados por los largos tent\u00e1culos de personas sin escr\u00fapulos que ostentan relevantes cargos pol\u00edticos.<\/span><\/p>\n<p style=\"text-align: justify;\"><span style=\"color: #000000;\">Cuando finalmente lleguen a Graccurris (Alfaro), intentar\u00e1n asentarse, pero no hay ning\u00fan lugar seguro. Cuando menos lo esperan, las poderosas garras el \u00e1guila imperial aparecen, amenazando con segar su existencia.<\/span><\/p>\n<p>&nbsp;<\/p>\n<h2><span style=\"color: #000000;\">El pergamino de San Miguel<\/span><\/h2>\n<p><strong><span style=\"color: #000000;\">Novela publicada en 2016.<\/span><\/strong><br \/>\n<span style=\"color: #000000;\"><img loading=\"lazy\" decoding=\"async\" class=\"wp-image-145 alignleft\" src=\"https:\/\/joseluisherrerorubio.com\/wp-content\/uploads\/2024\/01\/Libro_Pergamino.png\" alt=\"\" width=\"159\" height=\"204\" \/><\/span><\/p>\n<p><span style=\"color: #000000;\">\u00bfC\u00f3mo se origin\u00f3 la Orden de los Templarios?<\/span><br \/>\n<span style=\"color: #000000;\">\u00bfQui\u00e9nes fueron sus te\u00f3ricos?<\/span><br \/>\n<span style=\"color: #000000;\">\u00bfCu\u00e1l era realmente su objetivo?<\/span><br \/>\n<span style=\"color: #000000;\">\u00bfEst\u00e1n hoy entre nosotros?<\/span><br \/>\n<span style=\"color: #000000;\">\u00bfTiene alguna relaci\u00f3n con la ciudad de Alfaro?<\/span><\/p>\n<p style=\"text-align: justify;\"><span style=\"color: #000000;\">\u00c9stas y otras muchas preguntas quedan respondidas en este libro que, mezclando ficci\u00f3n y realidad, pretende profundizar en uno de los enigmas m\u00e1s apasionantes de la Historia.<\/span><\/p>\n<p>&nbsp;<\/p>\n","protected":false},"excerpt":{"rendered":"<p>La forja de una traici\u00f3n Es el \u00faltimo trabajo del autor. Se publica en junio de 2025. \u00daltimo cuarto del siglo XIII. En Castilla, Sancho IV ha cedido pr\u00e1cticamente todos sus poderes a don Lope D\u00edaz de Haro, se\u00f1or de Vizcaya. A partir de ese momento, \u00e9ste urdir\u00e1, mediante enga\u00f1os y ardides, una conspiraci\u00f3n que,&hellip;&nbsp;<\/p>\n","protected":false},"author":1,"featured_media":0,"parent":0,"menu_order":1,"comment_status":"closed","ping_status":"closed","template":"","meta":{"neve_meta_sidebar":"","neve_meta_container":"","neve_meta_enable_content_width":"off","neve_meta_content_width":100,"neve_meta_title_alignment":"","neve_meta_author_avatar":"","neve_post_elements_order":"","neve_meta_disable_header":"","neve_meta_disable_footer":"","neve_meta_disable_title":"","footnotes":""},"class_list":["post-111","page","type-page","status-publish","hentry"],"_links":{"self":[{"href":"https:\/\/joseluisherrerorubio.com\/index.php\/wp-json\/wp\/v2\/pages\/111","targetHints":{"allow":["GET"]}}],"collection":[{"href":"https:\/\/joseluisherrerorubio.com\/index.php\/wp-json\/wp\/v2\/pages"}],"about":[{"href":"https:\/\/joseluisherrerorubio.com\/index.php\/wp-json\/wp\/v2\/types\/page"}],"author":[{"embeddable":true,"href":"https:\/\/joseluisherrerorubio.com\/index.php\/wp-json\/wp\/v2\/users\/1"}],"replies":[{"embeddable":true,"href":"https:\/\/joseluisherrerorubio.com\/index.php\/wp-json\/wp\/v2\/comments?post=111"}],"version-history":[{"count":54,"href":"https:\/\/joseluisherrerorubio.com\/index.php\/wp-json\/wp\/v2\/pages\/111\/revisions"}],"predecessor-version":[{"id":148,"href":"https:\/\/joseluisherrerorubio.com\/index.php\/wp-json\/wp\/v2\/pages\/111\/revisions\/148"}],"wp:attachment":[{"href":"https:\/\/joseluisherrerorubio.com\/index.php\/wp-json\/wp\/v2\/media?parent=111"}],"curies":[{"name":"wp","href":"https:\/\/api.w.org\/{rel}","templated":true}]}}